{"id":27940,"date":"2021-05-19T12:01:12","date_gmt":"2021-05-19T10:01:12","guid":{"rendered":"https:\/\/roigsatnew.cetrexmarketing.com\/comprar\/subscripcio-caldera-gasoil\/"},"modified":"2024-04-23T10:36:24","modified_gmt":"2024-04-23T09:36:24","slug":"suscripcion-caldera-gasoil","status":"publish","type":"product","link":"https:\/\/roigsatnew.cetrexmarketing.com\/es\/comprar\/suscripcion-caldera-gasoil\/","title":{"rendered":"Suscripci\u00f3n Caldera Gasoil"},"content":{"rendered":"","protected":false},"excerpt":{"rendered":"<p><em><span style=\"font-size: 13px; color: #000; line-height: 12px;\">*Precio mantenimiento caldera de gasoil: 198\u20ac (IVA Incl\u00f2s) el primer a\u00f1o, 154\u20ac los a\u00f1os siguientes. En las siguientes 24 horas a la finalizaci\u00f3n de tu compra recibir\u00e1s una llamada de nuestro equipo t\u00e9cnico. Despu\u00e9s de confirmar los datos, planificaremos la revisi\u00f3n de manera urgente o bien para otra \u00e9poca del a\u00f1o.<\/span><\/em><\/p>\n<p>Descubre la innovadora forma de realizar el mantenimiento de tu caldera de RoigSat. Una suscripci\u00f3n anual exclusiva de RoigSat con la que tendr\u00e1s acceso a la revisi\u00f3n de 14 puntos de la caldera. Por supuesto, con todos los beneficios que solo RoigSat puede ofrecerte, como por ejemplo descuento en las piezas y la obtenci\u00f3n del certificado de la Generalitat de Catalunya. Adem\u00e1s, formar\u00e1s parte del Club RoigSat, un club con contenidos dedicados y exclusivos para ti, as\u00ed como sorteos quincenales y mensuales.<\/p>\n<h2 style=\"font-size: 23px; letter-spacing: 0px;\">Con la Suscripci\u00f3n RoigSat obtendr\u00e1s:<\/h2>\n<p><img decoding=\"async\" class=\"alignnone size-full wp-image-27938\" src=\"https:\/\/roigsatnew.cetrexmarketing.com\/wp-content\/uploads\/2021\/06\/icones-roigsat-caldera-gasoil-CAS.svg\" alt=\"\" width=\"434\" height=\"107\" \/><\/p>\n<h3>Revisi\u00f3n de 14 puntos exclusiva de RoigSat.<\/h3>\n<hr style=\"border-color: #f6aa0b; margin: 0px 0px 20px;\" \/>\n<ol>\n<li>Comprobaci\u00f3n y limpieza, si procede, del circuito de humos de calderas.<\/li>\n<li>An\u00e1lisis de C02 ambiente.<\/li>\n<li>Limpieza del quemador de la caldera.<\/li>\n<li>Revisi\u00f3n del vaso de expansi\u00f3n.<\/li>\n<li>Comprobaci\u00f3n de la estanqueidad de cierre entre quemador y caldera.<\/li>\n<li>Revisi\u00f3n del sistema de preparaci\u00f3n de agua caliente sanitaria.<\/li>\n<li>Comprobaci\u00f3n de niveles de agua en circuitos.<\/li>\n<li>Revisi\u00f3n del estado del aislamiento t\u00e9rmico.<\/li>\n<li>Revisi\u00f3n del sistema de control autom\u00e1tico.<\/li>\n<li>Revisi\u00f3n general de calderas de gas.<\/li>\n<li>Purga de radiadores.<\/li>\n<li>Programa de gesti\u00f3n energ\u00e9tica.<\/li>\n<li>An\u00e1lisis de combusti\u00f3n.<\/li>\n<li>Programa de mantenimiento preventivo.<\/li>\n<\/ol>\n<h3>Beneficios de RoigSat<\/h3>\n<hr style=\"border-color: #f6aa0b; margin: 0px 0px 20px;\" \/>\n<ul style=\"list-style-type: disc; margin-left: 15px;\">\n<li>Garant\u00eda de 6 meses.<\/li>\n<li>Servicio \u00e1gil en tu domicilio en 24-48 horas los d\u00edas laborables.<\/li>\n<li>Descuento del 10% en piezas de repuesto.<\/li>\n<li>Tel\u00e9fono de atenci\u00f3n exclusivo para abonados.<\/li>\n<li>Prioridad para elegir d\u00eda en la cita online.<\/li>\n<\/ul>\n<h3>Obtenci\u00f3n de Certificados<\/h3>\n<hr style=\"border-color: #f6aa0b; margin: 0px 0px 20px;\" \/>\n<ul style=\"list-style-type: disc; margin-left: 15px;\">\n<li>Certificado de mantenimiento de la Generalitat de Catalunya<\/li>\n<\/ul>\n<h3>Formar parte del Club RoigSat<\/h3>\n<hr style=\"border-color: #f6aa0b; margin: 0px 0px 20px;\" \/>\n<ul style=\"list-style-type: disc; margin-left: 15px;\">\n<li>Contenidos exclusivos.<\/li>\n<li>V\u00eddeoconsejos de nuestros profesionales.<\/li>\n<li>Sorteos exclusivos quincenales y mensuales.<\/li>\n<li>Poder disfrutar de la promoci\u00f3n \u00abTrae un amigo\u00bb, con descuento del 50% en la suscripci\u00f3n de la caldera.<\/li>\n<li>Ebooks mensuales.<\/li>\n<li>Sorpresas puntuales.<\/li>\n<\/ul>\n<p>[av_button label=&#8217;Comprar&#8217; icon_select=&#8217;yes&#8217; icon=\u00bb font=&#8217;entypo-fontello&#8217; link=&#8217;manually,https:\/\/roigsatnew.cetrexmarketing.com\/?add-to-cart=27940&#8242; link_target=\u00bb size=&#8217;medium&#8217; position=&#8217;left&#8217; label_display=\u00bb title_attr=\u00bb color_options=\u00bb color=&#8217;theme-color&#8217; custom_bg=&#8217;#444444&#8242; custom_font=&#8217;#ffffff&#8217; btn_color_bg=&#8217;theme-color&#8217; btn_custom_bg=&#8217;#444444&#8242; btn_color_bg_hover=&#8217;theme-color-highlight&#8217; btn_custom_bg_hover=&#8217;#444444&#8242; btn_color_font=&#8217;theme-color&#8217; btn_custom_font=&#8217;#ffffff&#8217; id=\u00bb custom_class=\u00bb template_class=\u00bb av_uid=\u00bb sc_version=&#8217;1.0&#8242; admin_preview_bg=\u00bb]<\/p>\n","protected":false},"featured_media":26128,"template":"","meta":{"site-sidebar-layout":"default","site-content-layout":"","ast-site-content-layout":"default","site-content-style":"default","site-sidebar-style":"default","ast-global-header-display":"","ast-banner-title-visibility":"","ast-main-header-display":"","ast-hfb-above-header-display":"","ast-hfb-below-header-display":"","ast-hfb-mobile-header-display":"","site-post-title":"","ast-breadcrumbs-content":"","ast-featured-img":"","footer-sml-layout":"","theme-transparent-header-meta":"","adv-header-id-meta":"","stick-header-meta":"","header-above-stick-meta":"","header-main-stick-meta":"","header-below-stick-meta":"","astra-migrate-meta-layouts":"default","ast-page-background-enabled":"default","ast-page-background-meta":{"desktop":{"background-color":"var(--ast-global-color-5)","background-image":"","background-repeat":"repeat","background-position":"center center","background-size":"auto","background-attachment":"scroll","background-type":"","background-media":"","overlay-type":"","overlay-color":"","overlay-opacity":"","overlay-gradient":""},"tablet":{"background-color":"","background-image":"","background-repeat":"repeat","background-position":"center center","background-size":"auto","background-attachment":"scroll","background-type":"","background-media":"","overlay-type":"","overlay-color":"","overlay-opacity":"","overlay-gradient":""},"mobile":{"background-color":"","background-image":"","background-repeat":"repeat","background-position":"center center","background-size":"auto","background-attachment":"scroll","background-type":"","background-media":"","overlay-type":"","overlay-color":"","overlay-opacity":"","overlay-gradient":""}},"ast-content-background-meta":{"desktop":{"background-color":"var(--ast-global-color-4)","background-image":"","background-repeat":"repeat","background-position":"center center","background-size":"auto","background-attachment":"scroll","background-type":"","background-media":"","overlay-type":"","overlay-color":"","overlay-opacity":"","overlay-gradient":""},"tablet":{"background-color":"var(--ast-global-color-4)","background-image":"","background-repeat":"repeat","background-position":"center center","background-size":"auto","background-attachment":"scroll","background-type":"","background-media":"","overlay-type":"","overlay-color":"","overlay-opacity":"","overlay-gradient":""},"mobile":{"background-color":"var(--ast-global-color-4)","background-image":"","background-repeat":"repeat","background-position":"center center","background-size":"auto","background-attachment":"scroll","background-type":"","background-media":"","overlay-type":"","overlay-color":"","overlay-opacity":"","overlay-gradient":""}}},"product_brand":[],"product_cat":[1793],"product_tag":[],"class_list":{"0":"post-27940","1":"product","2":"type-product","3":"status-publish","4":"has-post-thumbnail","6":"product_cat-suscripciones-roigsat","7":"desktop-align-left","8":"tablet-align-left","9":"mobile-align-left","11":"first","12":"instock","13":"sold-individually","14":"shipping-taxable","15":"purchasable","16":"product-type-simple"},"_links":{"self":[{"href":"https:\/\/roigsatnew.cetrexmarketing.com\/es\/wp-json\/wp\/v2\/product\/27940","targetHints":{"allow":["GET"]}}],"collection":[{"href":"https:\/\/roigsatnew.cetrexmarketing.com\/es\/wp-json\/wp\/v2\/product"}],"about":[{"href":"https:\/\/roigsatnew.cetrexmarketing.com\/es\/wp-json\/wp\/v2\/types\/product"}],"wp:featuredmedia":[{"embeddable":true,"href":"https:\/\/roigsatnew.cetrexmarketing.com\/es\/wp-json\/wp\/v2\/media\/26128"}],"wp:attachment":[{"href":"https:\/\/roigsatnew.cetrexmarketing.com\/es\/wp-json\/wp\/v2\/media?parent=27940"}],"wp:term":[{"taxonomy":"product_brand","embeddable":true,"href":"https:\/\/roigsatnew.cetrexmarketing.com\/es\/wp-json\/wp\/v2\/product_brand?post=27940"},{"taxonomy":"product_cat","embeddable":true,"href":"https:\/\/roigsatnew.cetrexmarketing.com\/es\/wp-json\/wp\/v2\/product_cat?post=27940"},{"taxonomy":"product_tag","embeddable":true,"href":"https:\/\/roigsatnew.cetrexmarketing.com\/es\/wp-json\/wp\/v2\/product_tag?post=27940"}],"curies":[{"name":"wp","href":"https:\/\/api.w.org\/{rel}","templated":true}]}}