{"id":27936,"date":"2021-05-17T11:41:47","date_gmt":"2021-05-17T09:41:47","guid":{"rendered":"https:\/\/roigsatnew.cetrexmarketing.com\/comprar\/suscripcion-caldera\/"},"modified":"2025-03-31T11:23:18","modified_gmt":"2025-03-31T10:23:18","slug":"suscripcion-caldera","status":"publish","type":"product","link":"https:\/\/roigsatnew.cetrexmarketing.com\/es\/comprar\/suscripcion-caldera\/","title":{"rendered":"Suscripci\u00f3n Caldera"},"content":{"rendered":"","protected":false},"excerpt":{"rendered":"<h2 style=\"font-size: 18px; letter-spacing: 0px;\">Con el mantenimiento de la caldera obtendr\u00e1s:<\/h2>\n<p><img decoding=\"async\" class=\"alignnone size-full wp-image-27932\" src=\"https:\/\/roigsatnew.cetrexmarketing.com\/wp-content\/uploads\/2023\/11\/icones-roigsat-producte-CAS.svg\" alt=\"\" width=\"434\" height=\"107\" \/><\/p>\n<p><span style=\"color: #000000;\">Descubre la innovadora forma de realizar el mantenimiento de tu caldera de RoigSat. Una suscripci\u00f3n anual exclusiva de RoigSat con la que tendr\u00e1s acceso a la revisi\u00f3n de 14 puntos de la caldera. Por supuesto, con todos los beneficios que solo RoigSat puede ofrecerte, como por ejemplo descuento en las piezas y la obtenci\u00f3n del certificado de la Generalitat de Catalunya. Adem\u00e1s, formar\u00e1s parte del Club RoigSat, un club con contenidos dedicados y exclusivos para ti, as\u00ed como sorteos quincenales y mensuales.<\/span><\/p>\n<p><span style=\"font-size: 13px; color: #000; line-height: 12px; font-style: italic;\">*Promoci\u00f3n v\u00e1lida hasta el 13 de abril de 2025. Precio ofrecida v\u00e1lido por el primer a\u00f1o, segundo a\u00f1o precio habitual (130\u20ac mantenimiento caldera). Promoci\u00f3n no acumulable a otras ofertas, promociones o descuentos ni v\u00e1lida para aquellos usuarios que durante los \u00faltimos dos a\u00f1os se hayan beneficiado de alguna oferta, promoci\u00f3n o descuento. En las siguientes 24 horas a la finalizaci\u00f3n de tu compra recibir\u00e1s una llamada de nuestro equipo t\u00e9cnico. Despu\u00e9s de confirmar los datos, planificaremos la revisi\u00f3n de manera urgente o bien por otra \u00e9poca del a\u00f1o.<\/span><\/p>\n<p>[av_toggle_container faq_markup=\u00bb initial=&#8217;0&#8242; mode=&#8217;accordion&#8217; sort=\u00bb styling=&#8217;av-minimal-toggle&#8217; colors=&#8217;custom&#8217; font_color=&#8217;#000000&#8242; background_color=&#8217;#ffffff&#8217; border_color=&#8217;#ffffff&#8217; toggle_icon_color=&#8217;#f8ab00&#8242; colors_current=&#8217;custom&#8217; font_color_current=&#8217;#000000&#8242; toggle_icon_color_current=&#8217;#f8ab00&#8242; background_current=&#8217;bg_color&#8217; background_color_current=&#8217;#ffffff&#8217; background_gradient_current_direction=&#8217;vertical&#8217; background_gradient_current_color1=&#8217;#000000&#8242; background_gradient_current_color2=&#8217;#ffffff&#8217; background_gradient_current_color3=\u00bb hover_colors=&#8217;custom&#8217; hover_font_color=&#8217;#000000&#8242; hover_background_color=&#8217;#ffffff&#8217; hover_toggle_icon_color=&#8217;#f8ab00&#8242; size-toggle=\u00bb av-desktop-font-size-toggle=\u00bb av-medium-font-size-toggle=\u00bb av-small-font-size-toggle=\u00bb av-mini-font-size-toggle=\u00bb size-content=\u00bb av-desktop-font-size-content=\u00bb av-medium-font-size-content=\u00bb av-small-font-size-content=\u00bb av-mini-font-size-content=\u00bb heading_tag=\u00bb heading_class=\u00bb alb_description=\u00bb id=\u00bb custom_class=\u00bb template_class=\u00bb av_uid=&#8217;av-rwy44b&#8217; sc_version=&#8217;1.0&#8242; admin_preview_bg=\u00bb]<br \/>\n[av_toggle title=&#8217;\u00bfQu\u00e9 incluye el mantenimiento de la caldera?&#8217; tags=\u00bb custom_id=\u00bb av_uid=&#8217;av-lp9sn2zz&#8217; sc_version=&#8217;1.0&#8242;]<\/p>\n<ol>\n<li>Comprobaci\u00f3n y limpieza, si procede, del circuito de humos de calderas.<\/li>\n<li>An\u00e1lisis de CO2 ambiente.<\/li>\n<li>Limpieza del quemador de la caldera.<\/li>\n<li>Revisi\u00f3n del vaso de expansi\u00f3n.<\/li>\n<li>Comprobaci\u00f3n de la estanqueidad de cierre entre quemador y caldera.<\/li>\n<li>Revisi\u00f3n del sistema de preparaci\u00f3n de agua caliente sanitaria.<\/li>\n<li>Comprobaci\u00f3n de niveles de agua en circuitos.<\/li>\n<li>Revisi\u00f3n del estado del aislamiento t\u00e9rmico.<\/li>\n<li>Revisi\u00f3n del sistema de control autom\u00e1tico.<\/li>\n<li>Revisi\u00f3n general de calderas de gas.<\/li>\n<li>Purga de radiadores.<\/li>\n<li>Programa de gesti\u00f3n energ\u00e9tica.<\/li>\n<li>An\u00e1lisis de combusti\u00f3n.<\/li>\n<li>Programa de mantenimiento preventivo.<\/li>\n<\/ol>\n<p>[\/av_toggle]<br \/>\n[av_toggle title=&#8217;Ventajas de RoigSat&#8217; tags=\u00bb custom_id=\u00bb av_uid=&#8217;av-lp9snpv7&#8242; sc_version=&#8217;1.0&#8242;]<\/p>\n<ul style=\"list-style-type: disc; margin-left: 15px;\">\n<li>Garant\u00eda de 6 meses.<\/li>\n<li>Servicio \u00e1gil en tu domicilio en 24-48 horas los d\u00edas laborables.<\/li>\n<li>Si sufres una aver\u00eda, la mano de obra y el desplazamiento est\u00e1n cubiertos.<\/li>\n<li>Descuento del 10% en piezas de repuesto.<\/li>\n<li>Tel\u00e9fono de atenci\u00f3n exclusivo para abonados.<\/li>\n<li>Prioridad para elegir d\u00eda en la cita online.<\/li>\n<li>Servicio de aver\u00edas en s\u00e1bados (solo provincia de Barcelona).<\/li>\n<\/ul>\n<p>[\/av_toggle]<br \/>\n[av_toggle title=&#8217;Obtenci\u00f3n de Certificados&#8217; tags=\u00bb custom_id=\u00bb av_uid=&#8217;av-lp9snpv7-2&#8242; sc_version=&#8217;1.0&#8242;]<\/p>\n<ul style=\"list-style-type: disc; margin-left: 15px;\">\n<li>Certificado de mantenimiento de la Generalitat de Catalunya.<\/li>\n<\/ul>\n<p>[\/av_toggle]<br \/>\n[av_toggle title=&#8217;Formar parte del Club RoigSat&#8217; tags=\u00bb custom_id=\u00bb av_uid=&#8217;av-lp9soku2&#8242; sc_version=&#8217;1.0&#8242;]<\/p>\n<ul style=\"list-style-type: disc; margin-left: 15px;\">\n<li>Contenidos exclusivos.<\/li>\n<li>V\u00eddeoconsejos de nuestros profesionales.<\/li>\n<li>Sorteos exclusivos quincenales y mensuales.<\/li>\n<li>Poder disfrutar de la promoci\u00f3n \u00abTrae un amigo\u00bb, con descuento del 50% en la suscripci\u00f3n de la caldera.<\/li>\n<li>Ebooks mensuales.<\/li>\n<li>Sorpresas puntuales.<\/li>\n<\/ul>\n<p>[\/av_toggle]<br \/>\n[av_toggle title=&#8217;\u00bfQu\u00e9 opinan nuestros clients?&#8217; tags=\u00bb custom_id=\u00bb av_uid=&#8217;av-lp9sozx6&#8242; sc_version=&#8217;1.0&#8242;]<br \/>\n[wprevpro_usetemplate tid=\"3\"]<br \/>\n[\/av_toggle]<br \/>\n[\/av_toggle_container]<\/p>\n<p>[av_button label=&#8217;Comprar&#8217; icon_select=&#8217;yes&#8217; icon=\u00bb font=&#8217;entypo-fontello&#8217; link=&#8217;manually,https:\/\/roigsatnew.cetrexmarketing.com\/?add-to-cart=27936&#8242; link_target=\u00bb size=&#8217;medium&#8217; position=&#8217;left&#8217; label_display=\u00bb title_attr=\u00bb color_options=\u00bb color=&#8217;theme-color&#8217; custom_bg=&#8217;#444444&#8242; custom_font=&#8217;#ffffff&#8217; btn_color_bg=&#8217;theme-color&#8217; btn_custom_bg=&#8217;#444444&#8242; btn_color_bg_hover=&#8217;theme-color-highlight&#8217; btn_custom_bg_hover=&#8217;#444444&#8242; btn_color_font=&#8217;theme-color&#8217; btn_custom_font=&#8217;#ffffff&#8217; id=\u00bb custom_class=\u00bb template_class=\u00bb av_uid=\u00bb sc_version=&#8217;1.0&#8242; admin_preview_bg=\u00bb]<\/p>\n","protected":false},"featured_media":56468,"template":"","meta":{"site-sidebar-layout":"default","site-content-layout":"","ast-site-content-layout":"default","site-content-style":"default","site-sidebar-style":"default","ast-global-header-display":"","ast-banner-title-visibility":"","ast-main-header-display":"","ast-hfb-above-header-display":"","ast-hfb-below-header-display":"","ast-hfb-mobile-header-display":"","site-post-title":"","ast-breadcrumbs-content":"","ast-featured-img":"","footer-sml-layout":"","theme-transparent-header-meta":"","adv-header-id-meta":"","stick-header-meta":"","header-above-stick-meta":"","header-main-stick-meta":"","header-below-stick-meta":"","astra-migrate-meta-layouts":"default","ast-page-background-enabled":"default","ast-page-background-meta":{"desktop":{"background-color":"var(--ast-global-color-5)","background-image":"","background-repeat":"repeat","background-position":"center center","background-size":"auto","background-attachment":"scroll","background-type":"","background-media":"","overlay-type":"","overlay-color":"","overlay-opacity":"","overlay-gradient":""},"tablet":{"background-color":"","background-image":"","background-repeat":"repeat","background-position":"center center","background-size":"auto","background-attachment":"scroll","background-type":"","background-media":"","overlay-type":"","overlay-color":"","overlay-opacity":"","overlay-gradient":""},"mobile":{"background-color":"","background-image":"","background-repeat":"repeat","background-position":"center center","background-size":"auto","background-attachment":"scroll","background-type":"","background-media":"","overlay-type":"","overlay-color":"","overlay-opacity":"","overlay-gradient":""}},"ast-content-background-meta":{"desktop":{"background-color":"var(--ast-global-color-4)","background-image":"","background-repeat":"repeat","background-position":"center center","background-size":"auto","background-attachment":"scroll","background-type":"","background-media":"","overlay-type":"","overlay-color":"","overlay-opacity":"","overlay-gradient":""},"tablet":{"background-color":"var(--ast-global-color-4)","background-image":"","background-repeat":"repeat","background-position":"center center","background-size":"auto","background-attachment":"scroll","background-type":"","background-media":"","overlay-type":"","overlay-color":"","overlay-opacity":"","overlay-gradient":""},"mobile":{"background-color":"var(--ast-global-color-4)","background-image":"","background-repeat":"repeat","background-position":"center center","background-size":"auto","background-attachment":"scroll","background-type":"","background-media":"","overlay-type":"","overlay-color":"","overlay-opacity":"","overlay-gradient":""}}},"product_brand":[],"product_cat":[1793],"product_tag":[],"class_list":{"0":"post-27936","1":"product","2":"type-product","3":"status-publish","4":"has-post-thumbnail","6":"product_cat-suscripciones-roigsat","7":"desktop-align-left","8":"tablet-align-left","9":"mobile-align-left","11":"first","12":"instock","13":"sold-individually","14":"shipping-taxable","15":"purchasable","16":"product-type-simple"},"_links":{"self":[{"href":"https:\/\/roigsatnew.cetrexmarketing.com\/es\/wp-json\/wp\/v2\/product\/27936","targetHints":{"allow":["GET"]}}],"collection":[{"href":"https:\/\/roigsatnew.cetrexmarketing.com\/es\/wp-json\/wp\/v2\/product"}],"about":[{"href":"https:\/\/roigsatnew.cetrexmarketing.com\/es\/wp-json\/wp\/v2\/types\/product"}],"wp:featuredmedia":[{"embeddable":true,"href":"https:\/\/roigsatnew.cetrexmarketing.com\/es\/wp-json\/wp\/v2\/media\/56468"}],"wp:attachment":[{"href":"https:\/\/roigsatnew.cetrexmarketing.com\/es\/wp-json\/wp\/v2\/media?parent=27936"}],"wp:term":[{"taxonomy":"product_brand","embeddable":true,"href":"https:\/\/roigsatnew.cetrexmarketing.com\/es\/wp-json\/wp\/v2\/product_brand?post=27936"},{"taxonomy":"product_cat","embeddable":true,"href":"https:\/\/roigsatnew.cetrexmarketing.com\/es\/wp-json\/wp\/v2\/product_cat?post=27936"},{"taxonomy":"product_tag","embeddable":true,"href":"https:\/\/roigsatnew.cetrexmarketing.com\/es\/wp-json\/wp\/v2\/product_tag?post=27936"}],"curies":[{"name":"wp","href":"https:\/\/api.w.org\/{rel}","templated":true}]}}