{"id":29832,"date":"2021-09-15T12:32:52","date_gmt":"2021-09-15T10:32:52","guid":{"rendered":"https:\/\/roigsatnew.cetrexmarketing.com\/club-roigsat\/"},"modified":"2021-09-16T12:25:14","modified_gmt":"2021-09-16T10:25:14","slug":"club-roigsat","status":"publish","type":"page","link":"https:\/\/roigsatnew.cetrexmarketing.com\/es\/club-roigsat\/","title":{"rendered":"Club RoigSat"},"content":{"rendered":"<p>[av_image src=&#8217;https:\/\/roigsatnew.cetrexmarketing.com\/wp-content\/uploads\/2021\/09\/club-roigsat-header.png&#8217; attachment=&#8217;29711&#8242; attachment_size=&#8217;full&#8217; copyright=\u00bb caption=\u00bb styling=\u00bb align=&#8217;center&#8217; font_size=\u00bb overlay_opacity=&#8217;0.4&#8242; overlay_color=&#8217;#000000&#8242; overlay_text_color=&#8217;#ffffff&#8217; animation=&#8217;no-animation&#8217; hover=\u00bb appearance=\u00bb link=\u00bb target=\u00bb title_attr=\u00bb alt_attr=\u00bb lazy_loading=&#8217;disabled&#8217; av-small-hide=&#8217;aviaTBav-small-hide&#8217; av-mini-hide=&#8217;aviaTBav-mini-hide&#8217; id=\u00bb custom_class=\u00bb template_class=\u00bb av_element_hidden_in_editor=&#8217;0&#8242; av_uid=&#8217;av-ktlo9zu3&#8242; sc_version=&#8217;1.0&#8242; admin_preview_bg=\u00bb][\/av_image]<br \/>\n[av_image src=&#8217;https:\/\/roigsatnew.cetrexmarketing.com\/wp-content\/uploads\/2021\/09\/club-roigsat-responsive.png&#8217; attachment=&#8217;29799&#8242; attachment_size=&#8217;full&#8217; copyright=\u00bb caption=\u00bb styling=\u00bb align=&#8217;center&#8217; font_size=\u00bb overlay_opacity=&#8217;0.4&#8242; overlay_color=&#8217;#000000&#8242; overlay_text_color=&#8217;#ffffff&#8217; animation=&#8217;no-animation&#8217; hover=\u00bb appearance=\u00bb link=\u00bb target=\u00bb title_attr=\u00bb alt_attr=\u00bb lazy_loading=&#8217;disabled&#8217; av-desktop-hide=&#8217;aviaTBav-desktop-hide&#8217; av-medium-hide=&#8217;aviaTBav-medium-hide&#8217; id=\u00bb custom_class=\u00bb template_class=\u00bb av_element_hidden_in_editor=&#8217;0&#8242; av_uid=&#8217;av-14r0pe4&#8242; sc_version=&#8217;1.0&#8242; admin_preview_bg=\u00bb][\/av_image]<br \/>\n[av_section min_height=\u00bb min_height_pc=&#8217;25&#8217; min_height_px=&#8217;500px&#8217; padding=&#8217;no-padding&#8217; custom_margin=&#8217;0px&#8217; custom_margin_sync=&#8217;true&#8217; color=&#8217;main_color&#8217; background=&#8217;bg_color&#8217; custom_bg=\u00bb background_gradient_color1=\u00bb background_gradient_color2=\u00bb background_gradient_direction=&#8217;vertical&#8217; src=\u00bb attachment=\u00bb attachment_size=\u00bb attach=&#8217;scroll&#8217; position=&#8217;top left&#8217; repeat=&#8217;no-repeat&#8217; video=\u00bb video_ratio=&#8217;16:9&#8242; overlay_opacity=&#8217;0.5&#8242; overlay_color=\u00bb overlay_pattern=\u00bb overlay_custom_pattern=\u00bb shadow=&#8217;no-border-styling&#8217; bottom_border=&#8217;no-border-styling&#8217; bottom_border_diagonal_color=&#8217;#333333&#8242; bottom_border_diagonal_direction=\u00bb bottom_border_style=\u00bb custom_arrow_bg=\u00bb av-small-hide=&#8217;aviaTBav-small-hide&#8217; av-mini-hide=&#8217;aviaTBav-mini-hide&#8217; id=\u00bb custom_class=\u00bb template_class=\u00bb aria_label=\u00bb av_element_hidden_in_editor=&#8217;0&#8242; av_uid=&#8217;av-4top31o&#8217; sc_version=&#8217;1.0&#8242;]<br \/>\n[av_two_fifth first min_height=&#8217;av-equal-height-column&#8217; vertical_alignment=&#8217;av-align-middle&#8217; space=\u00bb row_boxshadow_color=\u00bb row_boxshadow_width=&#8217;10&#8217; margin=&#8217;0px&#8217; margin_sync=&#8217;true&#8217; mobile_breaking=\u00bb border=\u00bb border_color=\u00bb radius=&#8217;25px&#8217; radius_sync=&#8217;true&#8217; padding=&#8217;2%,3%,2%,3%&#8217; column_boxshadow_color=\u00bb column_boxshadow_width=&#8217;10&#8217; background=&#8217;bg_color&#8217; background_color=&#8217;#ffffff&#8217; background_gradient_color1=\u00bb background_gradient_color2=\u00bb background_gradient_direction=&#8217;vertical&#8217; src=\u00bb attachment=\u00bb attachment_size=\u00bb background_position=&#8217;top left&#8217; background_repeat=&#8217;no-repeat&#8217; highlight_size=&#8217;1.1&#8242; animation=\u00bb link=\u00bb linktarget=\u00bb link_hover=\u00bb title_attr=\u00bb alt_attr=\u00bb mobile_display=\u00bb id=\u00bb custom_class=&#8217;columna-serveis&#8217; template_class=\u00bb aria_label=\u00bb av_uid=&#8217;av-ktllwnb5&#8242; sc_version=&#8217;1.0&#8242;]<\/p>\n<p>[av_textblock size=&#8217;28&#8217; av-medium-font-size=&#8217;25&#8217; av-small-font-size=&#8217;17&#8217; av-mini-font-size=&#8217;11&#8217; font_color=&#8217;custom&#8217; color=&#8217;#4a4a49&#8242; id=\u00bb custom_class=\u00bb template_class=\u00bb av_uid=&#8217;av-ktllkj78&#8242; sc_version=&#8217;1.0&#8242; admin_preview_bg=\u00bb]<\/p>\n<h2 style=\"font-size: 28px; font-weight: bolder; text-align: center; line-height: 28px;\">Bienvenidos al Club RoigSat, un nuevo espacio para los abonados de RoigSat.<\/h2>\n<p>[\/av_textblock]<\/p>\n<p>[\/av_two_fifth][av_three_fifth min_height=\u00bb vertical_alignment=&#8217;av-align-top&#8217; space=\u00bb row_boxshadow_color=\u00bb row_boxshadow_width=&#8217;10&#8217; margin=&#8217;0px&#8217; margin_sync=&#8217;true&#8217; mobile_breaking=\u00bb border=\u00bb border_color=\u00bb radius=&#8217;25px&#8217; radius_sync=&#8217;true&#8217; padding=&#8217;2%,5%,2%,5%&#8217; column_boxshadow_color=\u00bb column_boxshadow_width=&#8217;10&#8217; background=&#8217;bg_color&#8217; background_color=&#8217;#ffffff&#8217; background_gradient_color1=\u00bb background_gradient_color2=\u00bb background_gradient_direction=&#8217;vertical&#8217; src=\u00bb attachment=\u00bb attachment_size=\u00bb background_position=&#8217;top left&#8217; background_repeat=&#8217;no-repeat&#8217; highlight_size=&#8217;1.1&#8242; animation=\u00bb link=\u00bb linktarget=\u00bb link_hover=\u00bb title_attr=\u00bb alt_attr=\u00bb mobile_display=\u00bb id=\u00bb custom_class=\u00bb template_class=\u00bb aria_label=\u00bb av_uid=&#8217;av-4ak9k98&#8242; sc_version=&#8217;1.0&#8242;]<\/p>\n<p>[av_textblock size=\u00bb av-medium-font-size=\u00bb av-small-font-size=\u00bb av-mini-font-size=\u00bb font_color=&#8217;custom&#8217; color=&#8217;#4a4a49&#8242; id=\u00bb custom_class=\u00bb template_class=\u00bb av_uid=&#8217;av-ktllqyj5&#8242; sc_version=&#8217;1.0&#8242; admin_preview_bg=\u00bb]<\/p>\n<p style=\"text-align: center; font-size: 20px; font-weight: 500; line-height: 22px;\"><span style=\"color: #f8aa0d;\">El Club RoigSat es un nuevo servicio que te ofrece numerosas ventajas solo para formar parte de RoigSat.<\/span> Aqu\u00ed podr\u00e1s consultar las sorpresas y ventajas exclusivas para t\u00ed. Un espacio con contenidos especiales, descuentos exclusivos y muchas m\u00e1s novedades que te iremos desvelando a lo largo del a\u00f1o.<\/p>\n<p>[\/av_textblock]<\/p>\n<p>[\/av_three_fifth]<br \/>\n[\/av_section]<br \/>\n[av_image src=&#8217;https:\/\/roigsatnew.cetrexmarketing.com\/wp-content\/uploads\/2021\/09\/promocions-roigsat-responsive-CAS.png&#8217; attachment=&#8217;29842&#8242; attachment_size=&#8217;full&#8217; copyright=\u00bb caption=\u00bb styling=\u00bb align=&#8217;center&#8217; font_size=\u00bb overlay_opacity=&#8217;0.4&#8242; overlay_color=&#8217;#000000&#8242; overlay_text_color=&#8217;#ffffff&#8217; animation=&#8217;no-animation&#8217; hover=\u00bb appearance=\u00bb link=\u00bb target=\u00bb title_attr=\u00bb alt_attr=\u00bb lazy_loading=&#8217;disabled&#8217; av-desktop-hide=&#8217;aviaTBav-desktop-hide&#8217; av-medium-hide=&#8217;aviaTBav-medium-hide&#8217; id=\u00bb custom_class=\u00bb template_class=\u00bb av_element_hidden_in_editor=&#8217;0&#8242; av_uid=&#8217;av-ktlmlj83&#8242; sc_version=&#8217;1.0&#8242; admin_preview_bg=\u00bb][\/av_image]<br \/>\n[av_image src=&#8217;https:\/\/roigsatnew.cetrexmarketing.com\/wp-content\/uploads\/2021\/09\/header-promocions-club-roigsat-CAS.png&#8217; attachment=&#8217;29844&#8242; attachment_size=&#8217;full&#8217; copyright=\u00bb caption=\u00bb styling=\u00bb align=&#8217;center&#8217; font_size=\u00bb overlay_opacity=&#8217;0.4&#8242; overlay_color=&#8217;#000000&#8242; overlay_text_color=&#8217;#ffffff&#8217; animation=&#8217;no-animation&#8217; hover=\u00bb appearance=\u00bb link=\u00bb target=\u00bb title_attr=\u00bb alt_attr=\u00bb lazy_loading=&#8217;disabled&#8217; av-small-hide=&#8217;aviaTBav-small-hide&#8217; av-mini-hide=&#8217;aviaTBav-mini-hide&#8217; id=\u00bb custom_class=\u00bb template_class=\u00bb av_element_hidden_in_editor=&#8217;0&#8242; av_uid=&#8217;av-ktlog5qn&#8217; sc_version=&#8217;1.0&#8242; admin_preview_bg=\u00bb][\/av_image]<br \/>\n[av_hr class=&#8217;invisible&#8217; icon_select=&#8217;yes&#8217; icon=&#8217;ue808&#8242; font=&#8217;entypo-fontello&#8217; position=&#8217;center&#8217; shadow=&#8217;no-shadow&#8217; height=&#8217;15&#8217; custom_border=&#8217;av-border-thin&#8217; custom_width=&#8217;50px&#8217; custom_margin_top=&#8217;30px&#8217; custom_margin_bottom=&#8217;30px&#8217; custom_border_color=\u00bb custom_icon_color=\u00bb id=\u00bb custom_class=\u00bb template_class=\u00bb av_uid=&#8217;av-22k3rg&#8217; sc_version=&#8217;1.0&#8242; admin_preview_bg=\u00bb]<br \/>\n[av_one_third first min_height=\u00bb vertical_alignment=&#8217;av-align-top&#8217; space=\u00bb row_boxshadow=\u00bb row_boxshadow_color=\u00bb row_boxshadow_width=&#8217;10&#8217; custom_margin=\u00bb margin=&#8217;0px&#8217; mobile_breaking=\u00bb border=\u00bb border_color=\u00bb radius=&#8217;0px&#8217; padding=&#8217;0px&#8217; column_boxshadow=\u00bb column_boxshadow_color=\u00bb column_boxshadow_width=&#8217;10&#8217; background=&#8217;bg_color&#8217; background_color=\u00bb background_gradient_color1=\u00bb background_gradient_color2=\u00bb background_gradient_direction=&#8217;vertical&#8217; src=\u00bb background_position=&#8217;top left&#8217; background_repeat=&#8217;no-repeat&#8217; highlight=\u00bb highlight_size=\u00bb animation=\u00bb link=\u00bb linktarget=\u00bb link_hover=\u00bb title_attr=\u00bb alt_attr=\u00bb mobile_display=\u00bb id=\u00bb custom_class=\u00bb template_class=\u00bb aria_label=\u00bb av_uid=&#8217;av-3qxhw18&#8242; sc_version=&#8217;1.0&#8242;]<\/p>\n<p>[av_image src=&#8217;https:\/\/roigsatnew.cetrexmarketing.com\/wp-content\/uploads\/2021\/09\/descompte-caldera-CAS.png&#8217; attachment=&#8217;29834&#8242; attachment_size=&#8217;full&#8217; copyright=\u00bb caption=\u00bb styling=\u00bb align=&#8217;center&#8217; font_size=\u00bb overlay_opacity=&#8217;0.4&#8242; overlay_color=&#8217;#000000&#8242; overlay_text_color=&#8217;#ffffff&#8217; animation=&#8217;no-animation&#8217; hover=\u00bb appearance=\u00bb link=\u00bb target=\u00bb title_attr=\u00bb alt_attr=\u00bb lazy_loading=&#8217;disabled&#8217; id=\u00bb custom_class=\u00bb template_class=\u00bb av_element_hidden_in_editor=&#8217;0&#8242; av_uid=&#8217;av-3knqbfw&#8217; sc_version=&#8217;1.0&#8242; admin_preview_bg=\u00bb][\/av_image]<br \/>\n[av_hr class=&#8217;invisible&#8217; icon_select=&#8217;yes&#8217; icon=&#8217;ue808&#8242; font=&#8217;entypo-fontello&#8217; position=&#8217;center&#8217; shadow=&#8217;no-shadow&#8217; height=&#8217;20&#8217; custom_border=&#8217;av-border-thin&#8217; custom_width=&#8217;50px&#8217; custom_margin_top=&#8217;30px&#8217; custom_margin_bottom=&#8217;30px&#8217; custom_border_color=\u00bb custom_icon_color=\u00bb id=\u00bb custom_class=\u00bb template_class=\u00bb av_uid=&#8217;av-adwuq4&#8242; sc_version=&#8217;1.0&#8242; admin_preview_bg=\u00bb]<br \/>\n[av_button label=&#8217;m\u00e1s informaci\u00f3n&#8217; icon_select=&#8217;yes&#8217; icon=&#8217;ue875&#8242; font=&#8217;entypo-fontello&#8217; link=&#8217;page,29850&#8242; link_target=\u00bb size=&#8217;medium&#8217; position=&#8217;center&#8217; label_display=\u00bb title_attr=\u00bb color_options=\u00bb color=&#8217;custom&#8217; custom_bg=&#8217;#2fad72&#8242; custom_font=&#8217;#ffffff&#8217; btn_color_bg=&#8217;theme-color&#8217; btn_custom_bg=&#8217;#444444&#8242; btn_color_bg_hover=&#8217;theme-color-highlight&#8217; btn_custom_bg_hover=&#8217;#444444&#8242; btn_color_font=&#8217;theme-color&#8217; btn_custom_font=&#8217;#ffffff&#8217; id=\u00bb custom_class=\u00bb template_class=\u00bb av_uid=&#8217;av-2o3ftbg&#8217; sc_version=&#8217;1.0&#8242; admin_preview_bg=\u00bb]<\/p>\n<p>[\/av_one_third][av_one_third min_height=\u00bb vertical_alignment=&#8217;av-align-top&#8217; space=\u00bb row_boxshadow=\u00bb row_boxshadow_color=\u00bb row_boxshadow_width=&#8217;10&#8217; custom_margin=\u00bb margin=&#8217;0px&#8217; mobile_breaking=\u00bb border=\u00bb border_color=\u00bb radius=&#8217;0px&#8217; padding=&#8217;0px&#8217; column_boxshadow=\u00bb column_boxshadow_color=\u00bb column_boxshadow_width=&#8217;10&#8217; background=&#8217;bg_color&#8217; background_color=\u00bb background_gradient_color1=\u00bb background_gradient_color2=\u00bb background_gradient_direction=&#8217;vertical&#8217; src=\u00bb background_position=&#8217;top left&#8217; background_repeat=&#8217;no-repeat&#8217; highlight=\u00bb highlight_size=\u00bb animation=\u00bb link=\u00bb linktarget=\u00bb link_hover=\u00bb title_attr=\u00bb alt_attr=\u00bb mobile_display=\u00bb id=\u00bb custom_class=\u00bb template_class=\u00bb aria_label=\u00bb av_uid=&#8217;av-26lpmrw&#8217; sc_version=&#8217;1.0&#8242;]<\/p>\n<p>[av_image src=&#8217;https:\/\/roigsatnew.cetrexmarketing.com\/wp-content\/uploads\/2021\/09\/porta-amic-CAS.png&#8217; attachment=&#8217;29836&#8242; attachment_size=&#8217;full&#8217; copyright=\u00bb caption=\u00bb styling=\u00bb align=&#8217;center&#8217; font_size=\u00bb overlay_opacity=&#8217;0.4&#8242; overlay_color=&#8217;#000000&#8242; overlay_text_color=&#8217;#ffffff&#8217; animation=&#8217;no-animation&#8217; hover=\u00bb appearance=\u00bb link=\u00bb target=\u00bb title_attr=\u00bb alt_attr=\u00bb lazy_loading=&#8217;disabled&#8217; id=\u00bb custom_class=\u00bb template_class=\u00bb av_element_hidden_in_editor=&#8217;0&#8242; av_uid=&#8217;av-ktlmnnnz&#8217; sc_version=&#8217;1.0&#8242; admin_preview_bg=\u00bb][\/av_image]<br \/>\n[av_hr class=&#8217;invisible&#8217; icon_select=&#8217;yes&#8217; icon=&#8217;ue808&#8242; font=&#8217;entypo-fontello&#8217; position=&#8217;center&#8217; shadow=&#8217;no-shadow&#8217; height=&#8217;20&#8217; custom_border=&#8217;av-border-thin&#8217; custom_width=&#8217;50px&#8217; custom_margin_top=&#8217;30px&#8217; custom_margin_bottom=&#8217;30px&#8217; custom_border_color=\u00bb custom_icon_color=\u00bb id=\u00bb custom_class=\u00bb template_class=\u00bb av_uid=&#8217;av-1j7m4r0&#8242; sc_version=&#8217;1.0&#8242; admin_preview_bg=\u00bb]<br \/>\n[av_button label=&#8217;m\u00e1s informaci\u00f3n&#8217; icon_select=&#8217;yes&#8217; icon=&#8217;ue875&#8242; font=&#8217;entypo-fontello&#8217; link=&#8217;page,29875&#8242; link_target=\u00bb size=&#8217;medium&#8217; position=&#8217;center&#8217; label_display=\u00bb title_attr=\u00bb color_options=\u00bb color=&#8217;custom&#8217; custom_bg=&#8217;#2fad72&#8242; custom_font=&#8217;#ffffff&#8217; btn_color_bg=&#8217;theme-color&#8217; btn_custom_bg=&#8217;#444444&#8242; btn_color_bg_hover=&#8217;theme-color-highlight&#8217; btn_custom_bg_hover=&#8217;#444444&#8242; btn_color_font=&#8217;theme-color&#8217; btn_custom_font=&#8217;#ffffff&#8217; id=\u00bb custom_class=\u00bb template_class=\u00bb av_uid=&#8217;av-ktlmscef&#8217; sc_version=&#8217;1.0&#8242; admin_preview_bg=\u00bb]<\/p>\n<p>[\/av_one_third][av_one_third min_height=\u00bb vertical_alignment=&#8217;av-align-top&#8217; space=\u00bb row_boxshadow=\u00bb row_boxshadow_color=\u00bb row_boxshadow_width=&#8217;10&#8217; custom_margin=\u00bb margin=&#8217;0px&#8217; mobile_breaking=\u00bb border=\u00bb border_color=\u00bb radius=&#8217;0px&#8217; padding=&#8217;0px&#8217; column_boxshadow=\u00bb column_boxshadow_color=\u00bb column_boxshadow_width=&#8217;10&#8217; background=&#8217;bg_color&#8217; background_color=\u00bb background_gradient_color1=\u00bb background_gradient_color2=\u00bb background_gradient_direction=&#8217;vertical&#8217; src=\u00bb background_position=&#8217;top left&#8217; background_repeat=&#8217;no-repeat&#8217; highlight=\u00bb highlight_size=\u00bb animation=\u00bb link=\u00bb linktarget=\u00bb link_hover=\u00bb title_attr=\u00bb alt_attr=\u00bb mobile_display=\u00bb id=\u00bb custom_class=\u00bb template_class=\u00bb aria_label=\u00bb av_uid=&#8217;av-4eg2wc&#8217; sc_version=&#8217;1.0&#8242;]<\/p>\n<p>[av_image src=&#8217;https:\/\/roigsatnew.cetrexmarketing.com\/wp-content\/uploads\/2021\/09\/pack-aventura-CAS.png&#8217; attachment=&#8217;29838&#8242; attachment_size=&#8217;full&#8217; copyright=\u00bb caption=\u00bb styling=\u00bb align=&#8217;center&#8217; font_size=\u00bb overlay_opacity=&#8217;0.4&#8242; overlay_color=&#8217;#000000&#8242; overlay_text_color=&#8217;#ffffff&#8217; animation=&#8217;no-animation&#8217; hover=\u00bb appearance=\u00bb link=\u00bb target=\u00bb title_attr=\u00bb alt_attr=\u00bb lazy_loading=&#8217;disabled&#8217; id=\u00bb custom_class=\u00bb template_class=\u00bb av_element_hidden_in_editor=&#8217;0&#8242; av_uid=&#8217;av-ktlmo4yw&#8217; sc_version=&#8217;1.0&#8242; admin_preview_bg=\u00bb][\/av_image]<br \/>\n[av_hr class=&#8217;invisible&#8217; icon_select=&#8217;yes&#8217; icon=&#8217;ue808&#8242; font=&#8217;entypo-fontello&#8217; position=&#8217;center&#8217; shadow=&#8217;no-shadow&#8217; height=&#8217;20&#8217; custom_border=&#8217;av-border-thin&#8217; custom_width=&#8217;50px&#8217; custom_margin_top=&#8217;30px&#8217; custom_margin_bottom=&#8217;30px&#8217; custom_border_color=\u00bb custom_icon_color=\u00bb id=\u00bb custom_class=\u00bb template_class=\u00bb av_uid=&#8217;av-ktlmrchc&#8217; sc_version=&#8217;1.0&#8242; admin_preview_bg=\u00bb]<br \/>\n[av_button label=&#8217;m\u00e1s informaci\u00f3n&#8217; icon_select=&#8217;yes&#8217; icon=&#8217;ue875&#8242; font=&#8217;entypo-fontello&#8217; link=&#8217;page,29849&#8242; link_target=\u00bb size=&#8217;medium&#8217; position=&#8217;center&#8217; label_display=\u00bb title_attr=\u00bb color_options=\u00bb color=&#8217;custom&#8217; custom_bg=&#8217;#2fad72&#8242; custom_font=&#8217;#ffffff&#8217; btn_color_bg=&#8217;theme-color&#8217; btn_custom_bg=&#8217;#444444&#8242; btn_color_bg_hover=&#8217;theme-color-highlight&#8217; btn_custom_bg_hover=&#8217;#444444&#8242; btn_color_font=&#8217;theme-color&#8217; btn_custom_font=&#8217;#ffffff&#8217; id=\u00bb custom_class=\u00bb template_class=\u00bb av_uid=&#8217;av-ktlmpq0b&#8217; sc_version=&#8217;1.0&#8242; admin_preview_bg=\u00bb]<\/p>\n<p>[\/av_one_third][av_hr class=&#8217;invisible&#8217; icon_select=&#8217;yes&#8217; icon=&#8217;ue808&#8242; font=&#8217;entypo-fontello&#8217; position=&#8217;center&#8217; shadow=&#8217;no-shadow&#8217; height=&#8217;80&#8217; custom_border=&#8217;av-border-thin&#8217; custom_width=&#8217;50px&#8217; custom_margin_top=&#8217;30px&#8217; custom_margin_bottom=&#8217;30px&#8217; custom_border_color=\u00bb custom_icon_color=\u00bb id=\u00bb custom_class=\u00bb template_class=\u00bb av_uid=&#8217;av-q6uoek&#8217; sc_version=&#8217;1.0&#8242; admin_preview_bg=\u00bb]<\/p>\n","protected":false},"excerpt":{"rendered":"<p>[av_image src=&#8217;https:\/\/roigsatnew.cetrexmarketing.com\/wp-content\/uploads\/2021\/09\/club-roigsat-header.png&#8217; attachment=&#8217;29711&#8242; attachment_size=&#8217;full&#8217; copyright=\u00bb caption=\u00bb styling=\u00bb align=&#8217;center&#8217; font_size=\u00bb overlay_opacity=&#8217;0.4&#8242; overlay_color=&#8217;#000000&#8242; overlay_text_color=&#8217;#ffffff&#8217; animation=&#8217;no-animation&#8217; hover=\u00bb appearance=\u00bb link=\u00bb target=\u00bb title_attr=\u00bb alt_attr=\u00bb lazy_loading=&#8217;disabled&#8217; [&hellip;]<\/p>\n","protected":false},"author":1,"featured_media":0,"parent":0,"menu_order":0,"comment_status":"closed","ping_status":"closed","template":"","meta":{"site-sidebar-layout":"default","site-content-layout":"","ast-site-content-layout":"default","site-content-style":"default","site-sidebar-style":"default","ast-global-header-display":"","ast-banner-title-visibility":"","ast-main-header-display":"","ast-hfb-above-header-display":"","ast-hfb-below-header-display":"","ast-hfb-mobile-header-display":"","site-post-title":"","ast-breadcrumbs-content":"","ast-featured-img":"","footer-sml-layout":"","theme-transparent-header-meta":"","adv-header-id-meta":"","stick-header-meta":"","header-above-stick-meta":"","header-main-stick-meta":"","header-below-stick-meta":"","astra-migrate-meta-layouts":"default","ast-page-background-enabled":"default","ast-page-background-meta":{"desktop":{"background-color":"var(--ast-global-color-5)","background-image":"","background-repeat":"repeat","background-position":"center center","background-size":"auto","background-attachment":"scroll","background-type":"","background-media":"","overlay-type":"","overlay-color":"","overlay-opacity":"","overlay-gradient":""},"tablet":{"background-color":"","background-image":"","background-repeat":"repeat","background-position":"center center","background-size":"auto","background-attachment":"scroll","background-type":"","background-media":"","overlay-type":"","overlay-color":"","overlay-opacity":"","overlay-gradient":""},"mobile":{"background-color":"","background-image":"","background-repeat":"repeat","background-position":"center center","background-size":"auto","background-attachment":"scroll","background-type":"","background-media":"","overlay-type":"","overlay-color":"","overlay-opacity":"","overlay-gradient":""}},"ast-content-background-meta":{"desktop":{"background-color":"var(--ast-global-color-4)","background-image":"","background-repeat":"repeat","background-position":"center center","background-size":"auto","background-attachment":"scroll","background-type":"","background-media":"","overlay-type":"","overlay-color":"","overlay-opacity":"","overlay-gradient":""},"tablet":{"background-color":"var(--ast-global-color-4)","background-image":"","background-repeat":"repeat","background-position":"center center","background-size":"auto","background-attachment":"scroll","background-type":"","background-media":"","overlay-type":"","overlay-color":"","overlay-opacity":"","overlay-gradient":""},"mobile":{"background-color":"var(--ast-global-color-4)","background-image":"","background-repeat":"repeat","background-position":"center center","background-size":"auto","background-attachment":"scroll","background-type":"","background-media":"","overlay-type":"","overlay-color":"","overlay-opacity":"","overlay-gradient":""}},"footnotes":""},"class_list":["post-29832","page","type-page","status-publish","hentry"],"_links":{"self":[{"href":"https:\/\/roigsatnew.cetrexmarketing.com\/es\/wp-json\/wp\/v2\/pages\/29832","targetHints":{"allow":["GET"]}}],"collection":[{"href":"https:\/\/roigsatnew.cetrexmarketing.com\/es\/wp-json\/wp\/v2\/pages"}],"about":[{"href":"https:\/\/roigsatnew.cetrexmarketing.com\/es\/wp-json\/wp\/v2\/types\/page"}],"author":[{"embeddable":true,"href":"https:\/\/roigsatnew.cetrexmarketing.com\/es\/wp-json\/wp\/v2\/users\/1"}],"replies":[{"embeddable":true,"href":"https:\/\/roigsatnew.cetrexmarketing.com\/es\/wp-json\/wp\/v2\/comments?post=29832"}],"version-history":[{"count":0,"href":"https:\/\/roigsatnew.cetrexmarketing.com\/es\/wp-json\/wp\/v2\/pages\/29832\/revisions"}],"wp:attachment":[{"href":"https:\/\/roigsatnew.cetrexmarketing.com\/es\/wp-json\/wp\/v2\/media?parent=29832"}],"curies":[{"name":"wp","href":"https:\/\/api.w.org\/{rel}","templated":true}]}}