{"id":28285,"date":"2014-09-23T13:22:25","date_gmt":"2014-09-23T11:22:25","guid":{"rendered":"https:\/\/roigsatnew.cetrexmarketing.com\/treballa-amb-nosaltres\/"},"modified":"2021-06-21T15:41:38","modified_gmt":"2021-06-21T13:41:38","slug":"treballa-amb-nosaltres","status":"publish","type":"page","link":"https:\/\/roigsatnew.cetrexmarketing.com\/es\/treballa-amb-nosaltres\/","title":{"rendered":"Trabaja con Nosotros"},"content":{"rendered":"<p>[av_section min_height=&#8217;custom&#8217; min_height_pc=&#8217;25&#8217; min_height_px=&#8217;425px&#8217; padding=&#8217;default&#8217; custom_margin=&#8217;0px&#8217; custom_margin_sync=&#8217;true&#8217; color=&#8217;main_color&#8217; background=&#8217;bg_color&#8217; custom_bg=\u00bb background_gradient_color1=\u00bb background_gradient_color2=\u00bb background_gradient_direction=&#8217;vertical&#8217; src=&#8217;https:\/\/roigsatnew.cetrexmarketing.com\/wp-content\/uploads\/2021\/06\/treballa-amb-nosaltres.png&#8217; attachment=&#8217;27416&#8242; attachment_size=&#8217;full&#8217; attach=&#8217;scroll&#8217; position=&#8217;center center&#8217; repeat=&#8217;no-repeat&#8217; video=\u00bb video_ratio=&#8217;16:9&#8242; overlay_opacity=&#8217;0.5&#8242; overlay_color=\u00bb overlay_pattern=\u00bb overlay_custom_pattern=\u00bb shadow=&#8217;no-border-styling&#8217; bottom_border=&#8217;no-border-styling&#8217; bottom_border_diagonal_color=&#8217;#333333&#8242; bottom_border_diagonal_direction=\u00bb bottom_border_style=\u00bb custom_arrow_bg=\u00bb id=\u00bb custom_class=\u00bb template_class=\u00bb aria_label=\u00bb av_element_hidden_in_editor=&#8217;0&#8242; av_uid=&#8217;av-kps5uk5p&#8217; sc_version=&#8217;1.0&#8242;]<br \/>\n[av_hr class=&#8217;invisible&#8217; icon_select=&#8217;yes&#8217; icon=&#8217;ue808&#8242; font=&#8217;entypo-fontello&#8217; position=&#8217;center&#8217; shadow=&#8217;no-shadow&#8217; height=&#8217;225&#8242; custom_border=&#8217;av-border-thin&#8217; custom_width=&#8217;50px&#8217; custom_margin_top=&#8217;30px&#8217; custom_margin_bottom=&#8217;30px&#8217; custom_border_color=\u00bb custom_icon_color=\u00bb id=\u00bb custom_class=\u00bb template_class=\u00bb av_uid=&#8217;av-8t27nz&#8217; sc_version=&#8217;1.0&#8242; admin_preview_bg=\u00bb]<br \/>\n[\/av_section]<br \/>\n[av_section min_height=\u00bb min_height_pc=&#8217;25&#8217; min_height_px=&#8217;500px&#8217; padding=&#8217;small&#8217; custom_margin=&#8217;0px&#8217; custom_margin_sync=&#8217;true&#8217; color=&#8217;main_color&#8217; background=&#8217;bg_color&#8217; custom_bg=\u00bb background_gradient_color1=\u00bb background_gradient_color2=\u00bb background_gradient_direction=&#8217;vertical&#8217; src=\u00bb attachment=\u00bb attachment_size=\u00bb attach=&#8217;scroll&#8217; position=&#8217;top left&#8217; repeat=&#8217;no-repeat&#8217; video=\u00bb video_ratio=&#8217;16:9&#8242; overlay_opacity=&#8217;0.5&#8242; overlay_color=\u00bb overlay_pattern=\u00bb overlay_custom_pattern=\u00bb shadow=&#8217;no-border-styling&#8217; bottom_border=&#8217;no-border-styling&#8217; bottom_border_diagonal_color=&#8217;#333333&#8242; bottom_border_diagonal_direction=\u00bb bottom_border_style=\u00bb custom_arrow_bg=\u00bb id=\u00bb custom_class=\u00bb template_class=\u00bb aria_label=\u00bb av_element_hidden_in_editor=&#8217;0&#8242; av_uid=&#8217;av-850q9b&#8217; sc_version=&#8217;1.0&#8242;]<\/p>\n<p>[av_one_fifth first min_height=\u00bb vertical_alignment=&#8217;av-align-top&#8217; space=\u00bb row_boxshadow_color=\u00bb row_boxshadow_width=&#8217;10&#8217; margin=&#8217;0px&#8217; margin_sync=&#8217;true&#8217; mobile_breaking=\u00bb border=\u00bb border_color=\u00bb radius=&#8217;25px&#8217; radius_sync=&#8217;true&#8217; padding=&#8217;2%,5%,2%,5%&#8217; column_boxshadow_color=\u00bb column_boxshadow_width=&#8217;10&#8217; background=&#8217;bg_color&#8217; background_color=\u00bb background_gradient_color1=\u00bb background_gradient_color2=\u00bb background_gradient_direction=&#8217;vertical&#8217; src=\u00bb attachment=\u00bb attachment_size=\u00bb background_position=&#8217;top left&#8217; background_repeat=&#8217;no-repeat&#8217; highlight_size=&#8217;1.1&#8242; animation=\u00bb link=\u00bb linktarget=\u00bb link_hover=\u00bb title_attr=\u00bb alt_attr=\u00bb mobile_display=\u00bb id=\u00bb custom_class=\u00bb template_class=\u00bb aria_label=\u00bb av_uid=&#8217;av-kps5xk2q&#8217; sc_version=&#8217;1.0&#8242;]<\/p>\n<p>[\/av_one_fifth][av_three_fifth min_height=\u00bb vertical_alignment=&#8217;av-align-top&#8217; space=\u00bb row_boxshadow_color=\u00bb row_boxshadow_width=&#8217;10&#8217; margin=&#8217;0px&#8217; margin_sync=&#8217;true&#8217; mobile_breaking=\u00bb border=\u00bb border_color=\u00bb radius=&#8217;25px&#8217; radius_sync=&#8217;true&#8217; padding=&#8217;2%,5%,2%,5%&#8217; column_boxshadow_color=\u00bb column_boxshadow_width=&#8217;10&#8217; background=&#8217;bg_color&#8217; background_color=&#8217;#ffffff&#8217; background_gradient_color1=\u00bb background_gradient_color2=\u00bb background_gradient_direction=&#8217;vertical&#8217; src=\u00bb attachment=\u00bb attachment_size=\u00bb background_position=&#8217;top left&#8217; background_repeat=&#8217;no-repeat&#8217; highlight_size=&#8217;1.1&#8242; animation=\u00bb link=\u00bb linktarget=\u00bb link_hover=\u00bb title_attr=\u00bb alt_attr=\u00bb mobile_display=\u00bb id=\u00bb custom_class=\u00bb template_class=\u00bb aria_label=\u00bb av_uid=&#8217;av-6g7atb&#8217; sc_version=&#8217;1.0&#8242;]<\/p>\n<p>[av_textblock size=\u00bb av-medium-font-size=\u00bb av-small-font-size=\u00bb av-mini-font-size=\u00bb font_color=\u00bb color=\u00bb id=\u00bb custom_class=\u00bb template_class=\u00bb av_uid=&#8217;av-kps5ybzq&#8217; sc_version=&#8217;1.0&#8242; admin_preview_bg=\u00bb]<\/p>\n<h2 style=\"text-align: center;\">\u00a1Forma parte del equipo RoigSat!<\/h2>\n<p>[\/av_textblock]<\/p>\n<p>[av_textblock size=\u00bb av-medium-font-size=\u00bb av-small-font-size=\u00bb av-mini-font-size=\u00bb font_color=\u00bb color=\u00bb id=\u00bb custom_class=\u00bb template_class=\u00bb av_uid=&#8217;av-378p0v&#8217; sc_version=&#8217;1.0&#8242; admin_preview_bg=\u00bb]<br \/>\n\n<div class=\"wpcf7 no-js\" id=\"wpcf7-f2874-o1\" lang=\"ca\" dir=\"ltr\" data-wpcf7-id=\"2874\">\n<div class=\"screen-reader-response\"><p role=\"status\" aria-live=\"polite\" aria-atomic=\"true\"><\/p> <ul><\/ul><\/div>\n<form action=\"\/es\/wp-json\/wp\/v2\/pages\/28285#wpcf7-f2874-o1\" method=\"post\" class=\"wpcf7-form init\" aria-label=\"Formulari de contacte\" enctype=\"multipart\/form-data\" novalidate=\"novalidate\" data-status=\"init\">\n<fieldset class=\"hidden-fields-container\"><input type=\"hidden\" name=\"_wpcf7\" value=\"2874\" \/><input type=\"hidden\" name=\"_wpcf7_version\" value=\"6.1.4\" \/><input type=\"hidden\" name=\"_wpcf7_locale\" value=\"ca\" \/><input type=\"hidden\" name=\"_wpcf7_unit_tag\" value=\"wpcf7-f2874-o1\" \/><input type=\"hidden\" name=\"_wpcf7_container_post\" value=\"0\" \/><input type=\"hidden\" name=\"_wpcf7_posted_data_hash\" value=\"\" \/><input type=\"hidden\" name=\"_wpcf7_recaptcha_response\" value=\"\" \/>\n<\/fieldset>\n<table>\n\t<tr>\n\t\t<td>\n\t\t\t<p>Nombre (*)<br \/>\n<span class=\"wpcf7-form-control-wrap\" data-name=\"your-name\"><input size=\"40\" maxlength=\"400\" class=\"wpcf7-form-control wpcf7-text wpcf7-validates-as-required\" aria-required=\"true\" aria-invalid=\"false\" value=\"\" type=\"text\" name=\"your-name\" \/><\/span>\n\t\t\t<\/p>\n\t\t\t<p>Tel\u00e9fono (*)\n\t\t\t<\/p>\n\t\t\t<p><span class=\"wpcf7-form-control-wrap\" data-name=\"text-660\"><input size=\"40\" maxlength=\"400\" class=\"wpcf7-form-control wpcf7-text wpcf7-validates-as-required\" aria-required=\"true\" aria-invalid=\"false\" value=\"\" type=\"text\" name=\"text-660\" \/><\/span>\n\t\t\t<\/p>\n\t\t\t<p>Direcci\u00f3n (*)\n\t\t\t<\/p>\n\t\t\t<p><span class=\"wpcf7-form-control-wrap\" data-name=\"text-96\"><input size=\"40\" maxlength=\"400\" class=\"wpcf7-form-control wpcf7-text wpcf7-validates-as-required\" aria-required=\"true\" aria-invalid=\"false\" value=\"\" type=\"text\" name=\"text-96\" \/><\/span>\n\t\t\t<\/p>\n\t\t\t<p>Provincia\n\t\t\t<\/p>\n\t\t\t<p><span class=\"wpcf7-form-control-wrap\" data-name=\"text-357\"><input size=\"40\" maxlength=\"400\" class=\"wpcf7-form-control wpcf7-text\" aria-invalid=\"false\" value=\"\" type=\"text\" name=\"text-357\" \/><\/span>\n\t\t\t<\/p>\n\t\t<\/td>\n\t\t<td>\n\t\t\t<p>Apellidos (*)<br \/>\n<span class=\"wpcf7-form-control-wrap\" data-name=\"text-836\"><input size=\"40\" maxlength=\"400\" class=\"wpcf7-form-control wpcf7-text wpcf7-validates-as-required\" aria-required=\"true\" aria-invalid=\"false\" value=\"\" type=\"text\" name=\"text-836\" \/><\/span>\n\t\t\t<\/p>\n\t\t\t<p>e-mail (*)\n\t\t\t<\/p>\n\t\t\t<p><span class=\"wpcf7-form-control-wrap\" data-name=\"your-email\"><input size=\"40\" maxlength=\"400\" class=\"wpcf7-form-control wpcf7-email wpcf7-validates-as-required wpcf7-text wpcf7-validates-as-email\" aria-required=\"true\" aria-invalid=\"false\" value=\"\" type=\"email\" name=\"your-email\" \/><\/span>\n\t\t\t<\/p>\n\t\t\t<p>Poblaci\u00f3n (*)\n\t\t\t<\/p>\n\t\t\t<p><span class=\"wpcf7-form-control-wrap\" data-name=\"text-980\"><input size=\"40\" maxlength=\"400\" class=\"wpcf7-form-control wpcf7-text wpcf7-validates-as-required\" aria-required=\"true\" aria-invalid=\"false\" value=\"\" type=\"text\" name=\"text-980\" \/><\/span>\n\t\t\t<\/p>\n\t\t\t<p>C\u00f3digo Postal\n\t\t\t<\/p>\n\t\t\t<p><span class=\"wpcf7-form-control-wrap\" data-name=\"text-256\"><input size=\"40\" maxlength=\"400\" class=\"wpcf7-form-control wpcf7-text\" aria-invalid=\"false\" value=\"\" type=\"text\" name=\"text-256\" \/><\/span>\n\t\t\t<\/p>\n\t\t<\/td>\n\t<\/tr>\n<\/table>\n<p>Comentarios\n<\/p>\n<p><span class=\"wpcf7-form-control-wrap\" data-name=\"textarea-781\"><textarea cols=\"40\" rows=\"10\" maxlength=\"2000\" class=\"wpcf7-form-control wpcf7-textarea wpcf7-validates-as-required\" aria-required=\"true\" aria-invalid=\"false\" name=\"textarea-781\"><\/textarea><\/span>\n<\/p>\n<p>Adjuntar CV (M\u00e0x. 3 MB)\n<\/p>\n<p><span class=\"wpcf7-form-control-wrap\" data-name=\"file-254\"><input size=\"40\" class=\"wpcf7-form-control wpcf7-file\" accept=\".jpg,.jpeg,.png,.gif,.pdf,.doc,.docx,.ppt,.pptx,.mp3\" aria-invalid=\"false\" type=\"file\" name=\"file-254\" \/><\/span>\n<\/p>\n<p><input class=\"wpcf7-form-control wpcf7-submit has-spinner\" type=\"submit\" value=\"Enviar\" \/>\n<\/p>\n<p><span class=\"wpcf7-form-control-wrap\" data-name=\"checkbox-283\"><span class=\"wpcf7-form-control wpcf7-checkbox wpcf7-validates-as-required\"><span class=\"wpcf7-list-item first last\"><input type=\"checkbox\" name=\"checkbox-283[]\" value=\"Acepto que RoigSat guarde mis datos, con car\u00e1cter confidencial y seg\u00fan la legislaci\u00f3n vigente de protecci\u00f3n de datos.\" \/><span class=\"wpcf7-list-item-label\">Acepto que RoigSat guarde mis datos, con car\u00e1cter confidencial y seg\u00fan la legislaci\u00f3n vigente de protecci\u00f3n de datos.<\/span><\/span><\/span><\/span><a href=\"https:\/\/roigsatnew.cetrexmarketing.com\/es\/aviso-legal\/\" target=\"_blank\">Ver aviso legal<\/a>\n<\/p>\n<p>(*) Campos obligatorios\n<\/p><div class=\"wpcf7-response-output\" aria-hidden=\"true\"><\/div>\n<\/form>\n<\/div>\n<br \/>\n[\/av_textblock]<\/p>\n<p>[av_textblock size=&#8217;11&#8217; av-medium-font-size=\u00bb av-small-font-size=\u00bb av-mini-font-size=\u00bb font_color=\u00bb color=\u00bb id=\u00bb custom_class=\u00bb template_class=\u00bb av_uid=&#8217;av-82akb3&#8242; sc_version=&#8217;1.0&#8242; admin_preview_bg=\u00bb]<br \/>\n<strong>Aviso de Confidencialidad:<\/strong><\/p>\n<p>Le informamos que el env\u00edo del siguiente formulario implica la autorizaci\u00f3n del usuario a favor\u00a0de <strong>ROIGSAT MANTENIMENTS, S.L.<\/strong> para el tratamiento de sus datos personales, los cuales\u00a0quedan incorporados en los sistemas de informaci\u00f3n titularidad de <strong>ROIGSAT MANTENIMENTS,\u00a0<\/strong><strong>S.L.<\/strong> y cuya finalidad es analizar su perfil y valorar su candidatura para posibles vacantes que la\u00a0compa\u00f1\u00eda requiera cubrir.\u00a0Para una informaci\u00f3n m\u00e1s detallada acceda a nuestra pol\u00edtica de privacidad mediante el\u00a0siguiente link: <a href=\"https:\/\/roigsatnew.cetrexmarketing.com\/es\/aviso-legal\/\" target=\"_blank\" rel=\"noopener\">https:\/\/roigsatnew.cetrexmarketing.com\/es\/aviso-legal\/.<\/a>\u00a0En cualquier momento usted podr\u00e1 ejercitar los derechos de acceso, supresi\u00f3n, rectificaci\u00f3n,\u00a0oposici\u00f3n, portabilidad y limitaci\u00f3n, comunic\u00e1ndolo por escrito con indicaci\u00f3n de sus datos a\u00a0en la direcci\u00f3n de correo electr\u00f3nico rgpd@roigsatnew.cetrexmarketing.com.<br \/>\n[\/av_textblock]<\/p>\n<p>[\/av_three_fifth][av_one_fifth min_height=\u00bb vertical_alignment=&#8217;av-align-top&#8217; space=\u00bb row_boxshadow_color=\u00bb row_boxshadow_width=&#8217;10&#8217; margin=&#8217;0px&#8217; margin_sync=&#8217;true&#8217; mobile_breaking=\u00bb border=\u00bb border_color=\u00bb radius=&#8217;25px&#8217; radius_sync=&#8217;true&#8217; padding=&#8217;2%,5%,2%,5%&#8217; column_boxshadow_color=\u00bb column_boxshadow_width=&#8217;10&#8217; background=&#8217;bg_color&#8217; background_color=\u00bb background_gradient_color1=\u00bb background_gradient_color2=\u00bb background_gradient_direction=&#8217;vertical&#8217; src=\u00bb attachment=\u00bb attachment_size=\u00bb background_position=&#8217;top left&#8217; background_repeat=&#8217;no-repeat&#8217; highlight_size=&#8217;1.1&#8242; animation=\u00bb link=\u00bb linktarget=\u00bb link_hover=\u00bb title_attr=\u00bb alt_attr=\u00bb mobile_display=\u00bb id=\u00bb custom_class=\u00bb template_class=\u00bb aria_label=\u00bb av_uid=&#8217;av-4sg0tr&#8217; sc_version=&#8217;1.0&#8242;]<\/p>\n<p>[\/av_one_fifth][\/av_section][av_section min_height=\u00bb min_height_pc=&#8217;25&#8217; min_height_px=&#8217;500px&#8217; padding=&#8217;small&#8217; custom_margin=&#8217;0px&#8217; custom_margin_sync=&#8217;true&#8217; color=&#8217;main_color&#8217; background=&#8217;bg_color&#8217; custom_bg=\u00bb background_gradient_color1=\u00bb background_gradient_color2=\u00bb background_gradient_direction=&#8217;vertical&#8217; src=\u00bb attachment=\u00bb attachment_size=\u00bb attach=&#8217;scroll&#8217; position=&#8217;top left&#8217; repeat=&#8217;no-repeat&#8217; video=\u00bb video_ratio=&#8217;16:9&#8242; overlay_opacity=&#8217;0.5&#8242; overlay_color=\u00bb overlay_pattern=\u00bb overlay_custom_pattern=\u00bb shadow=&#8217;no-border-styling&#8217; bottom_border=&#8217;no-border-styling&#8217; bottom_border_diagonal_color=&#8217;#333333&#8242; bottom_border_diagonal_direction=\u00bb bottom_border_style=\u00bb custom_arrow_bg=\u00bb id=\u00bb custom_class=\u00bb template_class=\u00bb aria_label=\u00bb av_element_hidden_in_editor=&#8217;0&#8242; av_uid=&#8217;av-1xle2n&#8217; sc_version=&#8217;1.0&#8242;][\/av_section]<\/p>\n","protected":false},"excerpt":{"rendered":"<p>[av_section min_height=&#8217;custom&#8217; min_height_pc=&#8217;25&#8217; min_height_px=&#8217;425px&#8217; padding=&#8217;default&#8217; custom_margin=&#8217;0px&#8217; custom_margin_sync=&#8217;true&#8217; color=&#8217;main_color&#8217; background=&#8217;bg_color&#8217; custom_bg=\u00bb background_gradient_color1=\u00bb background_gradient_color2=\u00bb background_gradient_direction=&#8217;vertical&#8217; src=&#8217;https:\/\/roigsatnew.cetrexmarketing.com\/wp-content\/uploads\/2021\/06\/treballa-amb-nosaltres.png&#8217; attachment=&#8217;27416&#8242; attachment_size=&#8217;full&#8217; attach=&#8217;scroll&#8217; position=&#8217;center center&#8217; repeat=&#8217;no-repeat&#8217; [&hellip;]<\/p>\n","protected":false},"author":1,"featured_media":0,"parent":0,"menu_order":0,"comment_status":"open","ping_status":"open","template":"","meta":{"site-sidebar-layout":"default","site-content-layout":"","ast-site-content-layout":"default","site-content-style":"default","site-sidebar-style":"default","ast-global-header-display":"","ast-banner-title-visibility":"","ast-main-header-display":"","ast-hfb-above-header-display":"","ast-hfb-below-header-display":"","ast-hfb-mobile-header-display":"","site-post-title":"","ast-breadcrumbs-content":"","ast-featured-img":"","footer-sml-layout":"","theme-transparent-header-meta":"","adv-header-id-meta":"","stick-header-meta":"","header-above-stick-meta":"","header-main-stick-meta":"","header-below-stick-meta":"","astra-migrate-meta-layouts":"default","ast-page-background-enabled":"default","ast-page-background-meta":{"desktop":{"background-color":"var(--ast-global-color-5)","background-image":"","background-repeat":"repeat","background-position":"center center","background-size":"auto","background-attachment":"scroll","background-type":"","background-media":"","overlay-type":"","overlay-color":"","overlay-opacity":"","overlay-gradient":""},"tablet":{"background-color":"","background-image":"","background-repeat":"repeat","background-position":"center center","background-size":"auto","background-attachment":"scroll","background-type":"","background-media":"","overlay-type":"","overlay-color":"","overlay-opacity":"","overlay-gradient":""},"mobile":{"background-color":"","background-image":"","background-repeat":"repeat","background-position":"center center","background-size":"auto","background-attachment":"scroll","background-type":"","background-media":"","overlay-type":"","overlay-color":"","overlay-opacity":"","overlay-gradient":""}},"ast-content-background-meta":{"desktop":{"background-color":"var(--ast-global-color-4)","background-image":"","background-repeat":"repeat","background-position":"center center","background-size":"auto","background-attachment":"scroll","background-type":"","background-media":"","overlay-type":"","overlay-color":"","overlay-opacity":"","overlay-gradient":""},"tablet":{"background-color":"var(--ast-global-color-4)","background-image":"","background-repeat":"repeat","background-position":"center center","background-size":"auto","background-attachment":"scroll","background-type":"","background-media":"","overlay-type":"","overlay-color":"","overlay-opacity":"","overlay-gradient":""},"mobile":{"background-color":"var(--ast-global-color-4)","background-image":"","background-repeat":"repeat","background-position":"center center","background-size":"auto","background-attachment":"scroll","background-type":"","background-media":"","overlay-type":"","overlay-color":"","overlay-opacity":"","overlay-gradient":""}},"footnotes":""},"class_list":["post-28285","page","type-page","status-publish","hentry"],"_links":{"self":[{"href":"https:\/\/roigsatnew.cetrexmarketing.com\/es\/wp-json\/wp\/v2\/pages\/28285","targetHints":{"allow":["GET"]}}],"collection":[{"href":"https:\/\/roigsatnew.cetrexmarketing.com\/es\/wp-json\/wp\/v2\/pages"}],"about":[{"href":"https:\/\/roigsatnew.cetrexmarketing.com\/es\/wp-json\/wp\/v2\/types\/page"}],"author":[{"embeddable":true,"href":"https:\/\/roigsatnew.cetrexmarketing.com\/es\/wp-json\/wp\/v2\/users\/1"}],"replies":[{"embeddable":true,"href":"https:\/\/roigsatnew.cetrexmarketing.com\/es\/wp-json\/wp\/v2\/comments?post=28285"}],"version-history":[{"count":0,"href":"https:\/\/roigsatnew.cetrexmarketing.com\/es\/wp-json\/wp\/v2\/pages\/28285\/revisions"}],"wp:attachment":[{"href":"https:\/\/roigsatnew.cetrexmarketing.com\/es\/wp-json\/wp\/v2\/media?parent=28285"}],"curies":[{"name":"wp","href":"https:\/\/api.w.org\/{rel}","templated":true}]}}