{"id":28209,"date":"2014-10-16T15:56:28","date_gmt":"2014-10-16T13:56:28","guid":{"rendered":"https:\/\/roigsatnew.cetrexmarketing.com\/avis-legal\/"},"modified":"2021-06-21T17:52:14","modified_gmt":"2021-06-21T15:52:14","slug":"aviso-legal","status":"publish","type":"page","link":"https:\/\/roigsatnew.cetrexmarketing.com\/es\/aviso-legal\/","title":{"rendered":"Aviso Legal"},"content":{"rendered":"<p>[av_one_full first min_height=\u00bb vertical_alignment=&#8217;av-align-top&#8217; space=\u00bb row_boxshadow_color=\u00bb row_boxshadow_width=&#8217;10&#8217; margin=&#8217;0px&#8217; margin_sync=&#8217;true&#8217; mobile_breaking=\u00bb border=\u00bb border_color=\u00bb radius=&#8217;25px&#8217; radius_sync=&#8217;true&#8217; padding=&#8217;3%,20px,10px,20px&#8217; column_boxshadow_color=\u00bb column_boxshadow_width=&#8217;10&#8217; background=&#8217;bg_color&#8217; background_color=&#8217;#ffffff&#8217; background_gradient_color1=\u00bb background_gradient_color2=\u00bb background_gradient_direction=&#8217;vertical&#8217; src=\u00bb attachment=\u00bb attachment_size=\u00bb background_position=&#8217;top left&#8217; background_repeat=&#8217;no-repeat&#8217; highlight_size=&#8217;1.1&#8242; animation=\u00bb link=\u00bb linktarget=\u00bb link_hover=\u00bb title_attr=\u00bb alt_attr=\u00bb mobile_display=\u00bb id=\u00bb custom_class=\u00bb template_class=\u00bb aria_label=\u00bb av_uid=\u00bb sc_version=&#8217;1.0&#8242;]<\/p>\n<p>[av_heading heading=&#8217;Protecci\u00f3n de datos: Declaraci\u00f3n de privacidad de ROIG-SAT MANTENIMENTS SL&#8217; tag=&#8217;h4&#8242; style=\u00bb subheading_active=\u00bb show_icon=\u00bb icon=&#8217;ue800&#8242; font=&#8217;entypo-fontello&#8217; size=\u00bb av-medium-font-size-title=\u00bb av-small-font-size-title=\u00bb av-mini-font-size-title=\u00bb subheading_size=&#8217;15&#8217; av-medium-font-size=\u00bb av-small-font-size=\u00bb av-mini-font-size=\u00bb icon_size=\u00bb av-medium-font-size-1=\u00bb av-small-font-size-1=\u00bb av-mini-font-size-1=\u00bb color=\u00bb custom_font=\u00bb icon_color=\u00bb margin=\u00bb margin_sync=&#8217;true&#8217; padding=&#8217;10&#8217; icon_padding=&#8217;10&#8217; link=\u00bb link_target=\u00bb id=\u00bb custom_class=\u00bb template_class=\u00bb av_uid=&#8217;av-30fxkp&#8217; sc_version=&#8217;1.0&#8242; admin_preview_bg=\u00bb][\/av_heading]<br \/>\n[av_textblock size=\u00bb av-medium-font-size=\u00bb av-small-font-size=\u00bb av-mini-font-size=\u00bb font_color=\u00bb color=\u00bb id=\u00bb custom_class=\u00bb template_class=\u00bb av_uid=&#8217;av-92gfvd&#8217; sc_version=&#8217;1.0&#8242; admin_preview_bg=\u00bb]<br \/>\nHabiendo entrado en plena aplicaci\u00f3n el Reglamento (UE) 2016\/679 del parlamento Europeo y del Consejo de 27 de abril de 2016, relativo a la protecci\u00f3n de las personas f\u00edsicas en lo que respecta al tratamiento de datos personales, y normativa que lo desarrolla, en adelante RGPD. El tipo de datos tratados y el uso de los mismos podr\u00e1n variar en funci\u00f3n de la relaci\u00f3n que mantengamos con el titular\/ usuario y de los servicios y productos solicitados.<\/p>\n<p><strong>Responsable del tratamiento: <\/strong><\/p>\n<p>ROIGSAT MANTENIMENTS, S.L., (en adelante ROIGSAT) mercantil de nacionalidad espa\u00f1ola con domicilio sito en C\/ OR (POL. IND LA CLOTA), 6, 08290, CERDANYOLA DEL VALLES (BARCELONA), y direcci\u00f3n electr\u00f3nica: rgpd@roigsatnew.cetrexmarketing.com Ejercicio de derechos: usted podr\u00e1 ejercitar los derechos de acceso, supresi\u00f3n, rectificaci\u00f3n, oposici\u00f3n, portabilidad y limitaci\u00f3n, comunic\u00e1ndolo por escrito con indicaci\u00f3n de sus datos en la direcci\u00f3n de correo electr\u00f3nico rgpd@roigsatnew.cetrexmarketing.com<\/p>\n<p><strong>Tratamiento de los Datos: <\/strong><\/p>\n<p>En relaci\u00f3n con nuestro sitio web, ROIGSAT puede recibir datos personales por diferentes canales y que son los siguientes:<\/p>\n<ul>\n<li>(i).-Datos identificativos y de contacto: nombre, apellidos, direcciones, correo electr\u00f3nico y tel\u00e9fono.<\/li>\n<li>(ii).- Datos relativos a la cumplimentaci\u00f3n de nuestros formularios para atender a las solicitudes que los usuarios realicen y adquirir m\u00e1s informaci\u00f3n acerca de ofertas que ofrece la compa\u00f1\u00eda as\u00ed como de comentarios en nuestro blog.<\/li>\n<li>(iii).- Datos subidos por los usuarios al formulario de contacto \u201ctrabaja con nosotros\u201d con la intenci\u00f3n de ser candidatos a posibles vacantes que se ofrezcan.<\/li>\n<\/ul>\n<p><strong>Finalidad de los tratamientos:<\/strong><\/p>\n<ul>\n<li>i) Responder a las consultas, proporcionar informaci\u00f3n requeridas por el Usuario.<\/li>\n<li>ii) Realizar toda aquella prestaci\u00f3n de servicios y\/o productos contratados o suscritos por el Usuario.<\/li>\n<li>iii) Realizar todas aquellas actividades propias de ROIGSAT por la presente rese\u00f1adas, ROIGSAT informar\u00e1 de dicha obligatoriedad al Usuario indic\u00e1ndole qu\u00e9 datos son de necesaria cumplimentaci\u00f3n.<\/li>\n<li>iv) El env\u00edo de comunicaciones comerciales y\/o promocionales por cualquier medio, informando a los Usuarios de las actividades, servicios, promociones, publicidad, noticias, ofertas y dem\u00e1s informaci\u00f3n sobre los servicios y productos relacionados con la actividad y prestaci\u00f3n de servicios de ROIGSAT.<\/li>\n<\/ul>\n<p>En funci\u00f3n de los diferentes servicios prestados por el Responsable del tratamiento la base que legitima los tratamientos son los previstos en el RGPD:<\/p>\n<ul>\n<li>(i).- Ejecuci\u00f3n o cumplimiento de obligaciones contractuales.<\/li>\n<li>(ii).- Inter\u00e9s Leg\u00edtimo.<\/li>\n<li>(iii).- Consentimiento.<\/li>\n<li>(iv).- Imperativo Legal.<\/li>\n<\/ul>\n<p><strong>Confidencialidad de los datos y medidas de seguridad: <\/strong><\/p>\n<p>ROIGSAT, as\u00ed como los que intervengan en cualquier fase del tratamiento y\/o las entidades a quienes les hayan sido comunicadas &#8211; en su caso y en virtud de la correspondiente autorizaci\u00f3n conferida por el Usuario &#8211; est\u00e1n obligadas a observar el secreto profesional y adoptar\u00e1n los niveles de protecci\u00f3n y las medidas t\u00e9cnicas y organizativas necesarias a su alcance que garanticen la seguridad de los datos de car\u00e1cter personal, evitando, en la medida de lo posible, accesos no autorizados, modificaciones il\u00edcitas, sustracciones y\/o la p\u00e9rdida de los datos y a fin de procurar el correspondiente nivel de seguridad a los ficheros de ROIGSAT seg\u00fan la naturaleza y sensibilidad de los datos facilitados por los usuarios del presente Sitio Web.<\/p>\n<p>No obstante, se advierte e informa al Usuario que las medidas t\u00e9cnicas no son infalibles ni inexpugnables, motivo por el cual, ROIGSAT no podr\u00e1 tenerse por responsable de tales pr\u00e1cticas ni de sus consecuencias, en especial, de la presencia de virus u otros elementos o bien de los da\u00f1os y perjuicios que puedan derivarse de la presencia de virus, a la conexi\u00f3n o a la descarga de contenidos desde el Sitio Web que causen alteraciones en los sistemas inform\u00e1ticos (hardware y software) del Usuario.<\/p>\n<p><strong>Comunicaciones a los usuarios <\/strong><\/p>\n<p>En caso de que el Usuario haya consentido expresamente el env\u00edo de comunicaciones comerciales por v\u00eda electr\u00f3nica, se le enviar\u00e1n comunicaciones por medios electr\u00f3nicos informando a los Usuarios de las actividades, servicios, promociones, publicidad, noticias, ofertas y dem\u00e1s informaci\u00f3n sobre los servicios y productos de ROIGSAT iguales o similares a los que fueron inicialmente objeto de contrataci\u00f3n o de inter\u00e9s por el Usuario.<\/p>\n<p>Sin perjuicio de todo lo anterior, no se considerar\u00e1n comunicaciones comerciales y\/o publicitarias, toda aquella informaci\u00f3n enviada por ROIGSAT &#8211; incluso por medios electr\u00f3nicos &#8211; a los Usuarios de ROIGSAT con la finalidad de llevar a cabo, ejecutar y\/o desarrollar cualesquier prestaci\u00f3n suscrita o contratada aun cuando no fuese suscrita por medios electr\u00f3nicos por el Usuario y todas las dem\u00e1s tareas, acciones y\/o actividades derivadas de dicha relaci\u00f3n contractual, negocial y\/o comercial.<\/p>\n<p><strong>Comunicaci\u00f3n de sus datos a terceros: <\/strong><\/p>\n<p>Sus datos podr\u00e1n ser comunicados a nuestros proveedores de servicios para poder cumplir con nuestras obligaciones contractuales siempre bajo las debidas garant\u00edas en materia de protecci\u00f3n de datos.<\/p>\n<p>Adem\u00e1s, podemos transmitir informaci\u00f3n acerca de usted cuando as\u00ed lo requieran las disposiciones legales, o se derive de \u00e9stas, cuando lo exija la relaci\u00f3n contractual que tenemos con usted, bien por haber prestado consentimiento o por existir inter\u00e9s leg\u00edtimo.<\/p>\n<p><strong>Tiempo de conservaci\u00f3n de los datos: <\/strong><\/p>\n<p>ROIGSAT almacena sus datos en la medida en que es necesario para cumplir con nuestros servicios y mejorar la gesti\u00f3n de nuestros productos, en este sentido debe tenerse en cuenta que nuestra relaci\u00f3n comercial es una obligaci\u00f3n continuada a largo plazo.<\/p>\n<p>Una vez se haya finalizado la relaci\u00f3n comercial los datos ser\u00e1n conservados bloqueados, en tanto no transcurran los periodos de conservaci\u00f3n establecidos en la normativa aplicable, que puede variar seg\u00fan el caso.<\/p>\n<p>Una vez transcurrido dicho plazo, los datos podr\u00e1n ser borrados o bien mantenidos de forma an\u00f3nima, sin posibilidad de identificar a la persona a la que se refieren, para uso con fines estad\u00edsticos y de an\u00e1lisis interno.<br \/>\n[\/av_textblock]<br \/>\n[av_heading heading=&#8217;Contractaci\u00f3 de productes RoigSat&#8217; tag=&#8217;h4&#8242; link_apply=\u00bb link=&#8217;manually,http:\/\/&#8217; link_target=\u00bb style=\u00bb size=\u00bb subheading_active=\u00bb subheading_size=&#8217;15&#8217; margin=\u00bb margin_sync=&#8217;true&#8217; padding=&#8217;10&#8217; color=\u00bb custom_font=\u00bb av-medium-font-size-title=\u00bb av-small-font-size-title=\u00bb av-mini-font-size-title=\u00bb av-medium-font-size=\u00bb av-small-font-size=\u00bb av-mini-font-size=\u00bb id=\u00bb custom_class=\u00bb av_uid=&#8217;av-k2ubvven&#8217; admin_preview_bg=\u00bb][\/av_heading]<br \/>\n[av_textblock size=\u00bb font_color=\u00bb color=\u00bb av-medium-font-size=\u00bb av-small-font-size=\u00bb av-mini-font-size=\u00bb id=\u00bb custom_class=\u00bb av_uid=&#8217;av-92gfvd&#8217; admin_preview_bg=\u00bb]<br \/>\nAmb la subscripci\u00f3 del contracte de manteniment el client autoritza expressament a ROIGSAT MANTENIMENTS, S.L. i en els termes i condicions que en ell s&#8217;indiquen perqu\u00e8 pugui procedir al cobrament, si escau, de les pr\u00f2rrogues autom\u00e0tiques all\u00e0 previstes.<br \/>\n[\/av_textblock]<br \/>\n[av_hr class=&#8217;invisible&#8217; height=&#8217;30&#8217; shadow=&#8217;no-shadow&#8217; position=&#8217;center&#8217; custom_border=&#8217;av-border-thin&#8217; custom_width=&#8217;50px&#8217; custom_border_color=\u00bb custom_margin_top=&#8217;30px&#8217; custom_margin_bottom=&#8217;30px&#8217; icon_select=&#8217;yes&#8217; custom_icon_color=\u00bb icon=&#8217;ue808&#8242; font=&#8217;entypo-fontello&#8217; av_uid=&#8217;av-2tm39l&#8217; admin_preview_bg=\u00bb]<br \/>\n[av_button label=&#8217;Tornar a l\u2019inici&#8217; link=&#8217;page,10825&#8242; link_target=\u00bb size=&#8217;medium&#8217; position=&#8217;left&#8217; label_display=\u00bb icon_select=&#8217;yes&#8217; icon=&#8217;ue830&#8242; font=&#8217;entypo-fontello&#8217; color=&#8217;theme-color&#8217; custom_bg=&#8217;#444444&#8242; custom_font=&#8217;#ffffff&#8217; av_uid=&#8217;av-jm912bco&#8217; admin_preview_bg=\u00bb]<br \/>\n[\/av_one_full][av_hr class=&#8217;invisible&#8217; height=&#8217;100&#8242; shadow=&#8217;no-shadow&#8217; position=&#8217;center&#8217; custom_border=&#8217;av-border-thin&#8217; custom_width=&#8217;50px&#8217; custom_border_color=\u00bb custom_margin_top=&#8217;30px&#8217; custom_margin_bottom=&#8217;30px&#8217; icon_select=&#8217;yes&#8217; custom_icon_color=\u00bb icon=&#8217;ue808&#8242; font=&#8217;entypo-fontello&#8217; av_uid=&#8217;av-2tm39l&#8217;]<\/p>\n","protected":false},"excerpt":{"rendered":"<p>[av_one_full first min_height=\u00bb vertical_alignment=&#8217;av-align-top&#8217; space=\u00bb row_boxshadow_color=\u00bb row_boxshadow_width=&#8217;10&#8217; margin=&#8217;0px&#8217; margin_sync=&#8217;true&#8217; mobile_breaking=\u00bb border=\u00bb border_color=\u00bb radius=&#8217;25px&#8217; radius_sync=&#8217;true&#8217; padding=&#8217;3%,20px,10px,20px&#8217; column_boxshadow_color=\u00bb column_boxshadow_width=&#8217;10&#8217; background=&#8217;bg_color&#8217; background_color=&#8217;#ffffff&#8217; background_gradient_color1=\u00bb [&hellip;]<\/p>\n","protected":false},"author":1,"featured_media":0,"parent":0,"menu_order":0,"comment_status":"open","ping_status":"open","template":"","meta":{"site-sidebar-layout":"default","site-content-layout":"","ast-site-content-layout":"default","site-content-style":"default","site-sidebar-style":"default","ast-global-header-display":"","ast-banner-title-visibility":"","ast-main-header-display":"","ast-hfb-above-header-display":"","ast-hfb-below-header-display":"","ast-hfb-mobile-header-display":"","site-post-title":"","ast-breadcrumbs-content":"","ast-featured-img":"","footer-sml-layout":"","theme-transparent-header-meta":"","adv-header-id-meta":"","stick-header-meta":"","header-above-stick-meta":"","header-main-stick-meta":"","header-below-stick-meta":"","astra-migrate-meta-layouts":"default","ast-page-background-enabled":"default","ast-page-background-meta":{"desktop":{"background-color":"var(--ast-global-color-5)","background-image":"","background-repeat":"repeat","background-position":"center center","background-size":"auto","background-attachment":"scroll","background-type":"","background-media":"","overlay-type":"","overlay-color":"","overlay-opacity":"","overlay-gradient":""},"tablet":{"background-color":"","background-image":"","background-repeat":"repeat","background-position":"center center","background-size":"auto","background-attachment":"scroll","background-type":"","background-media":"","overlay-type":"","overlay-color":"","overlay-opacity":"","overlay-gradient":""},"mobile":{"background-color":"","background-image":"","background-repeat":"repeat","background-position":"center center","background-size":"auto","background-attachment":"scroll","background-type":"","background-media":"","overlay-type":"","overlay-color":"","overlay-opacity":"","overlay-gradient":""}},"ast-content-background-meta":{"desktop":{"background-color":"var(--ast-global-color-4)","background-image":"","background-repeat":"repeat","background-position":"center center","background-size":"auto","background-attachment":"scroll","background-type":"","background-media":"","overlay-type":"","overlay-color":"","overlay-opacity":"","overlay-gradient":""},"tablet":{"background-color":"var(--ast-global-color-4)","background-image":"","background-repeat":"repeat","background-position":"center center","background-size":"auto","background-attachment":"scroll","background-type":"","background-media":"","overlay-type":"","overlay-color":"","overlay-opacity":"","overlay-gradient":""},"mobile":{"background-color":"var(--ast-global-color-4)","background-image":"","background-repeat":"repeat","background-position":"center center","background-size":"auto","background-attachment":"scroll","background-type":"","background-media":"","overlay-type":"","overlay-color":"","overlay-opacity":"","overlay-gradient":""}},"footnotes":""},"class_list":["post-28209","page","type-page","status-publish","hentry"],"_links":{"self":[{"href":"https:\/\/roigsatnew.cetrexmarketing.com\/es\/wp-json\/wp\/v2\/pages\/28209","targetHints":{"allow":["GET"]}}],"collection":[{"href":"https:\/\/roigsatnew.cetrexmarketing.com\/es\/wp-json\/wp\/v2\/pages"}],"about":[{"href":"https:\/\/roigsatnew.cetrexmarketing.com\/es\/wp-json\/wp\/v2\/types\/page"}],"author":[{"embeddable":true,"href":"https:\/\/roigsatnew.cetrexmarketing.com\/es\/wp-json\/wp\/v2\/users\/1"}],"replies":[{"embeddable":true,"href":"https:\/\/roigsatnew.cetrexmarketing.com\/es\/wp-json\/wp\/v2\/comments?post=28209"}],"version-history":[{"count":0,"href":"https:\/\/roigsatnew.cetrexmarketing.com\/es\/wp-json\/wp\/v2\/pages\/28209\/revisions"}],"wp:attachment":[{"href":"https:\/\/roigsatnew.cetrexmarketing.com\/es\/wp-json\/wp\/v2\/media?parent=28209"}],"curies":[{"name":"wp","href":"https:\/\/api.w.org\/{rel}","templated":true}]}}